{"id":551,"date":"2025-10-20T14:08:48","date_gmt":"2025-10-20T14:08:48","guid":{"rendered":"https:\/\/gauaksl.rkinformatika.online\/?page_id=551"},"modified":"2025-10-21T07:10:52","modified_gmt":"2025-10-21T07:10:52","slug":"apartamento-4","status":"publish","type":"page","link":"https:\/\/gauaksl.com\/eu\/apartamento-4\/","title":{"rendered":"Apartamento 4"},"content":{"rendered":"<div data-elementor-type=\"wp-page\" data-elementor-id=\"551\" class=\"elementor elementor-551\" data-elementor-post-type=\"page\">\n\t\t\t\t<div class=\"elementor-element elementor-element-2110a6a e-flex e-con-boxed e-con e-parent\" data-id=\"2110a6a\" data-element_type=\"container\" data-e-type=\"container\" data-settings=\"{&quot;background_background&quot;:&quot;classic&quot;}\">\n\t\t\t\t\t<div class=\"e-con-inner\">\n\t\t\t\t\t<\/div>\n\t\t\t\t<\/div>\n\t\t<div class=\"elementor-element elementor-element-424668e e-flex e-con-boxed e-con e-parent\" data-id=\"424668e\" data-element_type=\"container\" data-e-type=\"container\">\n\t\t\t\t\t<div class=\"e-con-inner\">\n\t\t<div class=\"elementor-element elementor-element-b9515dd e-con-full e-flex e-con e-child\" data-id=\"b9515dd\" data-element_type=\"container\" data-e-type=\"container\">\n\t\t\t\t<div class=\"elementor-element elementor-element-2754647 elementor-widget elementor-widget-heading\" data-id=\"2754647\" data-element_type=\"widget\" data-e-type=\"widget\" data-widget_type=\"heading.default\">\n\t\t\t\t\t<h2 class=\"elementor-heading-title elementor-size-default\">Apartamento 4 \u2013 25 m\u00b2<\/h2>\t\t\t\t<\/div>\n\t\t\t\t<div class=\"elementor-element elementor-element-f352a63 elementor-widget elementor-widget-text-editor\" data-id=\"f352a63\" data-element_type=\"widget\" data-e-type=\"widget\" data-widget_type=\"text-editor.default\">\n\t\t\t\t\t\t\t\t\t<p data-start=\"2324\" data-end=\"2580\">Pr\u00e1ctico apartamento de 25 m\u00b2 con todo lo necesario para una estancia c\u00f3moda y sin complicaciones. Perfecto para viajes de trabajo o escapadas r\u00e1pidas. Incluye cocina equipada y dormitorio acogedor, con todos los gastos ya cubiertos en el precio mensual.<\/p><p data-start=\"2582\" data-end=\"2604\"><strong data-start=\"2582\" data-end=\"2602\">Caracter\u00edsticas:<\/strong><\/p><ul data-start=\"2605\" data-end=\"2909\"><li data-start=\"2605\" data-end=\"2630\"><p data-start=\"2607\" data-end=\"2630\">Capacidad: 2 personas<\/p><\/li><li data-start=\"2631\" data-end=\"2705\"><p data-start=\"2633\" data-end=\"2705\">Habitaci\u00f3n con cama de matrimonio (s\u00e1banas, edred\u00f3n y manta incluidas)<\/p><\/li><li data-start=\"2706\" data-end=\"2769\"><p data-start=\"2708\" data-end=\"2769\">Cocina equipada: vitrocer\u00e1mica, microondas, nevera y menaje<\/p><\/li><li data-start=\"2770\" data-end=\"2791\"><p data-start=\"2772\" data-end=\"2791\">Toallas incluidas<\/p><\/li><li data-start=\"2792\" data-end=\"2857\"><p data-start=\"2794\" data-end=\"2857\">Calefacci\u00f3n, agua, luz e Internet Wifi incluidos en el precio<\/p><\/li><li data-start=\"2858\" data-end=\"2887\"><p data-start=\"2860\" data-end=\"2887\"><strong data-start=\"2860\" data-end=\"2885\">Precio mensual: 700 \u20ac<\/strong><\/p><\/li><li data-start=\"2888\" data-end=\"2909\"><p data-start=\"2890\" data-end=\"2909\"><strong data-start=\"2890\" data-end=\"2907\">Fianza: 1 mes<\/strong><\/p><\/li><\/ul>\t\t\t\t\t\t\t\t<\/div>\n\t\t\t\t<\/div>\n\t\t<div class=\"elementor-element elementor-element-a845fea e-con-full e-flex e-con e-child\" data-id=\"a845fea\" data-element_type=\"container\" data-e-type=\"container\">\n\t\t\t\t<div class=\"elementor-element elementor-element-cd3fb43 elementor-widget elementor-widget-image-carousel\" data-id=\"cd3fb43\" data-element_type=\"widget\" data-e-type=\"widget\" data-settings=\"{&quot;slides_to_show&quot;:&quot;2&quot;,&quot;slides_to_show_tablet&quot;:&quot;3&quot;,&quot;slides_to_show_mobile&quot;:&quot;2&quot;,&quot;slides_to_scroll&quot;:&quot;1&quot;,&quot;navigation&quot;:&quot;none&quot;,&quot;image_spacing_custom&quot;:{&quot;unit&quot;:&quot;px&quot;,&quot;size&quot;:10,&quot;sizes&quot;:[]},&quot;image_spacing_custom_tablet&quot;:{&quot;unit&quot;:&quot;px&quot;,&quot;size&quot;:5,&quot;sizes&quot;:[]},&quot;autoplay&quot;:&quot;yes&quot;,&quot;pause_on_hover&quot;:&quot;yes&quot;,&quot;pause_on_interaction&quot;:&quot;yes&quot;,&quot;autoplay_speed&quot;:5000,&quot;infinite&quot;:&quot;yes&quot;,&quot;speed&quot;:500,&quot;image_spacing_custom_mobile&quot;:{&quot;unit&quot;:&quot;px&quot;,&quot;size&quot;:&quot;&quot;,&quot;sizes&quot;:[]}}\" data-widget_type=\"image-carousel.default\">\n\t\t\t\t\t\t\t<div class=\"elementor-image-carousel-wrapper swiper\" role=\"region\" aria-roledescription=\"carousel\" aria-label=\"Carrusel de im\u00e1genes\" dir=\"ltr\">\n\t\t\t<div class=\"elementor-image-carousel swiper-wrapper\" aria-live=\"off\">\n\t\t\t\t\t\t\t\t<div class=\"swiper-slide\" role=\"group\" aria-roledescription=\"slide\" aria-label=\"1 de 4\"><a data-elementor-open-lightbox=\"yes\" data-elementor-lightbox-slideshow=\"cd3fb43\" data-e-action-hash=\"#elementor-action%3Aaction%3Dlightbox%26settings%3DeyJpZCI6NzE5LCJ1cmwiOiJodHRwczpcL1wvZ2F1YWtzbC5jb21cL3dwLWNvbnRlbnRcL3VwbG9hZHNcLzIwMjVcLzEwXC9XaGF0c0FwcC1JbWFnZS0yMDI1LTEwLTIwLWF0LTIxLjQ2LjU0LTEuanBlZyIsInNsaWRlc2hvdyI6ImNkM2ZiNDMifQ%3D%3D\" href=\"https:\/\/gauaksl.com\/wp-content\/uploads\/2025\/10\/WhatsApp-Image-2025-10-20-at-21.46.54-1.jpeg\"><figure class=\"swiper-slide-inner\"><img decoding=\"async\" class=\"swiper-slide-image\" src=\"https:\/\/gauaksl.com\/wp-content\/uploads\/2025\/10\/WhatsApp-Image-2025-10-20-at-21.46.54-1.jpeg\" alt=\"\" \/><\/figure><\/a><\/div><div class=\"swiper-slide\" role=\"group\" aria-roledescription=\"slide\" aria-label=\"2 de 4\"><a data-elementor-open-lightbox=\"yes\" data-elementor-lightbox-slideshow=\"cd3fb43\" data-e-action-hash=\"#elementor-action%3Aaction%3Dlightbox%26settings%3DeyJpZCI6NzIxLCJ1cmwiOiJodHRwczpcL1wvZ2F1YWtzbC5jb21cL3dwLWNvbnRlbnRcL3VwbG9hZHNcLzIwMjVcLzEwXC9XaGF0c0FwcC1JbWFnZS0yMDI1LTEwLTIwLWF0LTIxLjQ2LjU0LTMuanBlZyIsInNsaWRlc2hvdyI6ImNkM2ZiNDMifQ%3D%3D\" href=\"https:\/\/gauaksl.com\/wp-content\/uploads\/2025\/10\/WhatsApp-Image-2025-10-20-at-21.46.54-3.jpeg\"><figure class=\"swiper-slide-inner\"><img decoding=\"async\" class=\"swiper-slide-image\" src=\"https:\/\/gauaksl.com\/wp-content\/uploads\/2025\/10\/WhatsApp-Image-2025-10-20-at-21.46.54-3.jpeg\" alt=\"\" \/><\/figure><\/a><\/div><div class=\"swiper-slide\" role=\"group\" aria-roledescription=\"slide\" aria-label=\"3 de 4\"><a data-elementor-open-lightbox=\"yes\" data-elementor-lightbox-slideshow=\"cd3fb43\" data-e-action-hash=\"#elementor-action%3Aaction%3Dlightbox%26settings%3DeyJpZCI6NzIyLCJ1cmwiOiJodHRwczpcL1wvZ2F1YWtzbC5jb21cL3dwLWNvbnRlbnRcL3VwbG9hZHNcLzIwMjVcLzEwXC9XaGF0c0FwcC1JbWFnZS0yMDI1LTEwLTIwLWF0LTIxLjQ2LjU0LTQuanBlZyIsInNsaWRlc2hvdyI6ImNkM2ZiNDMifQ%3D%3D\" href=\"https:\/\/gauaksl.com\/wp-content\/uploads\/2025\/10\/WhatsApp-Image-2025-10-20-at-21.46.54-4.jpeg\"><figure class=\"swiper-slide-inner\"><img decoding=\"async\" class=\"swiper-slide-image\" src=\"https:\/\/gauaksl.com\/wp-content\/uploads\/2025\/10\/WhatsApp-Image-2025-10-20-at-21.46.54-4.jpeg\" alt=\"\" \/><\/figure><\/a><\/div><div class=\"swiper-slide\" role=\"group\" aria-roledescription=\"slide\" aria-label=\"4 de 4\"><a data-elementor-open-lightbox=\"yes\" data-elementor-lightbox-slideshow=\"cd3fb43\" data-e-action-hash=\"#elementor-action%3Aaction%3Dlightbox%26settings%3DeyJpZCI6NzIzLCJ1cmwiOiJodHRwczpcL1wvZ2F1YWtzbC5jb21cL3dwLWNvbnRlbnRcL3VwbG9hZHNcLzIwMjVcLzEwXC9XaGF0c0FwcC1JbWFnZS0yMDI1LTEwLTIwLWF0LTIxLjQ2LjU1LmpwZWciLCJzbGlkZXNob3ciOiJjZDNmYjQzIn0%3D\" href=\"https:\/\/gauaksl.com\/wp-content\/uploads\/2025\/10\/WhatsApp-Image-2025-10-20-at-21.46.55.jpeg\"><figure class=\"swiper-slide-inner\"><img decoding=\"async\" class=\"swiper-slide-image\" src=\"https:\/\/gauaksl.com\/wp-content\/uploads\/2025\/10\/WhatsApp-Image-2025-10-20-at-21.46.55.jpeg\" alt=\"\" \/><\/figure><\/a><\/div>\t\t\t<\/div>\n\t\t\t\t\t\t\t\n\t\t\t\t\t\t\t\t\t<\/div>\n\t\t\t\t\t\t<\/div>\n\t\t\t\t<\/div>\n\t\t\t\t\t<\/div>\n\t\t\t\t<\/div>\n\t\t\t\t<\/div>","protected":false},"excerpt":{"rendered":"<p>Apartamento 4 \u2013 25 m\u00b2 Pr\u00e1ctico apartamento de 25 m\u00b2 con todo lo necesario para una estancia c\u00f3moda y sin complicaciones. Perfecto para viajes de trabajo o escapadas r\u00e1pidas. Incluye cocina equipada y dormitorio acogedor, con todos los gastos ya cubiertos en el precio mensual. Caracter\u00edsticas: Capacidad: 2 personas Habitaci\u00f3n con cama de matrimonio (s\u00e1banas, [&hellip;]<\/p>\n","protected":false},"author":1,"featured_media":0,"parent":0,"menu_order":0,"comment_status":"closed","ping_status":"closed","template":"elementor_canvas","meta":{"footnotes":""},"class_list":["post-551","page","type-page","status-publish","hentry"],"yoast_head":"<!-- This site is optimized with the Yoast SEO plugin v27.4 - https:\/\/yoast.com\/product\/yoast-seo-wordpress\/ -->\n<title>Apartamento 4 - Gauak S.L<\/title>\n<meta name=\"robots\" content=\"index, follow, max-snippet:-1, max-image-preview:large, max-video-preview:-1\" \/>\n<link rel=\"canonical\" href=\"https:\/\/gauaksl.com\/eu\/apartamento-4\/\" \/>\n<meta property=\"og:locale\" content=\"en_US\" \/>\n<meta property=\"og:type\" content=\"article\" \/>\n<meta property=\"og:title\" content=\"Apartamento 4 - Gauak S.L\" \/>\n<meta property=\"og:description\" content=\"Apartamento 4 \u2013 25 m\u00b2 Pr\u00e1ctico apartamento de 25 m\u00b2 con todo lo necesario para una estancia c\u00f3moda y sin complicaciones. Perfecto para viajes de trabajo o escapadas r\u00e1pidas. Incluye cocina equipada y dormitorio acogedor, con todos los gastos ya cubiertos en el precio mensual. Caracter\u00edsticas: Capacidad: 2 personas Habitaci\u00f3n con cama de matrimonio (s\u00e1banas, [&hellip;]\" \/>\n<meta property=\"og:url\" content=\"https:\/\/gauaksl.com\/eu\/apartamento-4\/\" \/>\n<meta property=\"og:site_name\" content=\"Gauak S.L\" \/>\n<meta property=\"article:modified_time\" content=\"2025-10-21T07:10:52+00:00\" \/>\n<meta property=\"og:image\" content=\"https:\/\/gauaksl.com\/wp-content\/uploads\/2025\/10\/WhatsApp-Image-2025-10-20-at-21.46.54-1.jpeg\" \/>\n<meta name=\"twitter:card\" content=\"summary_large_image\" \/>\n<meta name=\"twitter:label1\" content=\"Est. reading time\" \/>\n\t<meta name=\"twitter:data1\" content=\"2 minutua\" \/>\n<script type=\"application\/ld+json\" class=\"yoast-schema-graph\">{\"@context\":\"https:\\\/\\\/schema.org\",\"@graph\":[{\"@type\":\"WebPage\",\"@id\":\"https:\\\/\\\/gauaksl.com\\\/apartamento-4\\\/\",\"url\":\"https:\\\/\\\/gauaksl.com\\\/apartamento-4\\\/\",\"name\":\"Apartamento 4 - Gauak S.L\",\"isPartOf\":{\"@id\":\"https:\\\/\\\/gauaksl.com\\\/#website\"},\"primaryImageOfPage\":{\"@id\":\"https:\\\/\\\/gauaksl.com\\\/apartamento-4\\\/#primaryimage\"},\"image\":{\"@id\":\"https:\\\/\\\/gauaksl.com\\\/apartamento-4\\\/#primaryimage\"},\"thumbnailUrl\":\"https:\\\/\\\/gauaksl.com\\\/wp-content\\\/uploads\\\/2025\\\/10\\\/WhatsApp-Image-2025-10-20-at-21.46.54-1.jpeg\",\"datePublished\":\"2025-10-20T14:08:48+00:00\",\"dateModified\":\"2025-10-21T07:10:52+00:00\",\"breadcrumb\":{\"@id\":\"https:\\\/\\\/gauaksl.com\\\/apartamento-4\\\/#breadcrumb\"},\"inLanguage\":\"eu\",\"potentialAction\":[{\"@type\":\"ReadAction\",\"target\":[\"https:\\\/\\\/gauaksl.com\\\/apartamento-4\\\/\"]}]},{\"@type\":\"ImageObject\",\"inLanguage\":\"eu\",\"@id\":\"https:\\\/\\\/gauaksl.com\\\/apartamento-4\\\/#primaryimage\",\"url\":\"https:\\\/\\\/gauaksl.com\\\/wp-content\\\/uploads\\\/2025\\\/10\\\/WhatsApp-Image-2025-10-20-at-21.46.54-1.jpeg\",\"contentUrl\":\"https:\\\/\\\/gauaksl.com\\\/wp-content\\\/uploads\\\/2025\\\/10\\\/WhatsApp-Image-2025-10-20-at-21.46.54-1.jpeg\"},{\"@type\":\"BreadcrumbList\",\"@id\":\"https:\\\/\\\/gauaksl.com\\\/apartamento-4\\\/#breadcrumb\",\"itemListElement\":[{\"@type\":\"ListItem\",\"position\":1,\"name\":\"Portada\",\"item\":\"https:\\\/\\\/gauaksl.com\\\/\"},{\"@type\":\"ListItem\",\"position\":2,\"name\":\"Apartamento 4\"}]},{\"@type\":\"WebSite\",\"@id\":\"https:\\\/\\\/gauaksl.com\\\/#website\",\"url\":\"https:\\\/\\\/gauaksl.com\\\/\",\"name\":\"Gauak S.L\",\"description\":\"\",\"publisher\":{\"@id\":\"https:\\\/\\\/gauaksl.com\\\/#organization\"},\"potentialAction\":[{\"@type\":\"SearchAction\",\"target\":{\"@type\":\"EntryPoint\",\"urlTemplate\":\"https:\\\/\\\/gauaksl.com\\\/?s={search_term_string}\"},\"query-input\":{\"@type\":\"PropertyValueSpecification\",\"valueRequired\":true,\"valueName\":\"search_term_string\"}}],\"inLanguage\":\"eu\"},{\"@type\":\"Organization\",\"@id\":\"https:\\\/\\\/gauaksl.com\\\/#organization\",\"name\":\"Gauak S.L\",\"url\":\"https:\\\/\\\/gauaksl.com\\\/\",\"logo\":{\"@type\":\"ImageObject\",\"inLanguage\":\"eu\",\"@id\":\"https:\\\/\\\/gauaksl.com\\\/#\\\/schema\\\/logo\\\/image\\\/\",\"url\":\"https:\\\/\\\/gauaksl.com\\\/wp-content\\\/uploads\\\/2025\\\/10\\\/cropped-Captura-desde-2025-10-20-11-13-42.png\",\"contentUrl\":\"https:\\\/\\\/gauaksl.com\\\/wp-content\\\/uploads\\\/2025\\\/10\\\/cropped-Captura-desde-2025-10-20-11-13-42.png\",\"width\":665,\"height\":347,\"caption\":\"Gauak S.L\"},\"image\":{\"@id\":\"https:\\\/\\\/gauaksl.com\\\/#\\\/schema\\\/logo\\\/image\\\/\"}}]}<\/script>\n<!-- \/ Yoast SEO plugin. -->","yoast_head_json":{"title":"Apartamento 4 - Gauak S.L","robots":{"index":"index","follow":"follow","max-snippet":"max-snippet:-1","max-image-preview":"max-image-preview:large","max-video-preview":"max-video-preview:-1"},"canonical":"https:\/\/gauaksl.com\/eu\/apartamento-4\/","og_locale":"en_US","og_type":"article","og_title":"Apartamento 4 - Gauak S.L","og_description":"Apartamento 4 \u2013 25 m\u00b2 Pr\u00e1ctico apartamento de 25 m\u00b2 con todo lo necesario para una estancia c\u00f3moda y sin complicaciones. Perfecto para viajes de trabajo o escapadas r\u00e1pidas. Incluye cocina equipada y dormitorio acogedor, con todos los gastos ya cubiertos en el precio mensual. Caracter\u00edsticas: Capacidad: 2 personas Habitaci\u00f3n con cama de matrimonio (s\u00e1banas, [&hellip;]","og_url":"https:\/\/gauaksl.com\/eu\/apartamento-4\/","og_site_name":"Gauak S.L","article_modified_time":"2025-10-21T07:10:52+00:00","og_image":[{"url":"https:\/\/gauaksl.com\/wp-content\/uploads\/2025\/10\/WhatsApp-Image-2025-10-20-at-21.46.54-1.jpeg","type":"","width":"","height":""}],"twitter_card":"summary_large_image","twitter_misc":{"Est. reading time":"2 minutua"},"schema":{"@context":"https:\/\/schema.org","@graph":[{"@type":"WebPage","@id":"https:\/\/gauaksl.com\/apartamento-4\/","url":"https:\/\/gauaksl.com\/apartamento-4\/","name":"Apartamento 4 - Gauak S.L","isPartOf":{"@id":"https:\/\/gauaksl.com\/#website"},"primaryImageOfPage":{"@id":"https:\/\/gauaksl.com\/apartamento-4\/#primaryimage"},"image":{"@id":"https:\/\/gauaksl.com\/apartamento-4\/#primaryimage"},"thumbnailUrl":"https:\/\/gauaksl.com\/wp-content\/uploads\/2025\/10\/WhatsApp-Image-2025-10-20-at-21.46.54-1.jpeg","datePublished":"2025-10-20T14:08:48+00:00","dateModified":"2025-10-21T07:10:52+00:00","breadcrumb":{"@id":"https:\/\/gauaksl.com\/apartamento-4\/#breadcrumb"},"inLanguage":"eu","potentialAction":[{"@type":"ReadAction","target":["https:\/\/gauaksl.com\/apartamento-4\/"]}]},{"@type":"ImageObject","inLanguage":"eu","@id":"https:\/\/gauaksl.com\/apartamento-4\/#primaryimage","url":"https:\/\/gauaksl.com\/wp-content\/uploads\/2025\/10\/WhatsApp-Image-2025-10-20-at-21.46.54-1.jpeg","contentUrl":"https:\/\/gauaksl.com\/wp-content\/uploads\/2025\/10\/WhatsApp-Image-2025-10-20-at-21.46.54-1.jpeg"},{"@type":"BreadcrumbList","@id":"https:\/\/gauaksl.com\/apartamento-4\/#breadcrumb","itemListElement":[{"@type":"ListItem","position":1,"name":"Portada","item":"https:\/\/gauaksl.com\/"},{"@type":"ListItem","position":2,"name":"Apartamento 4"}]},{"@type":"WebSite","@id":"https:\/\/gauaksl.com\/#website","url":"https:\/\/gauaksl.com\/","name":"Gauak S.L","description":"","publisher":{"@id":"https:\/\/gauaksl.com\/#organization"},"potentialAction":[{"@type":"SearchAction","target":{"@type":"EntryPoint","urlTemplate":"https:\/\/gauaksl.com\/?s={search_term_string}"},"query-input":{"@type":"PropertyValueSpecification","valueRequired":true,"valueName":"search_term_string"}}],"inLanguage":"eu"},{"@type":"Organization","@id":"https:\/\/gauaksl.com\/#organization","name":"Gauak S.L","url":"https:\/\/gauaksl.com\/","logo":{"@type":"ImageObject","inLanguage":"eu","@id":"https:\/\/gauaksl.com\/#\/schema\/logo\/image\/","url":"https:\/\/gauaksl.com\/wp-content\/uploads\/2025\/10\/cropped-Captura-desde-2025-10-20-11-13-42.png","contentUrl":"https:\/\/gauaksl.com\/wp-content\/uploads\/2025\/10\/cropped-Captura-desde-2025-10-20-11-13-42.png","width":665,"height":347,"caption":"Gauak S.L"},"image":{"@id":"https:\/\/gauaksl.com\/#\/schema\/logo\/image\/"}}]}},"_links":{"self":[{"href":"https:\/\/gauaksl.com\/eu\/wp-json\/wp\/v2\/pages\/551","targetHints":{"allow":["GET"]}}],"collection":[{"href":"https:\/\/gauaksl.com\/eu\/wp-json\/wp\/v2\/pages"}],"about":[{"href":"https:\/\/gauaksl.com\/eu\/wp-json\/wp\/v2\/types\/page"}],"author":[{"embeddable":true,"href":"https:\/\/gauaksl.com\/eu\/wp-json\/wp\/v2\/users\/1"}],"replies":[{"embeddable":true,"href":"https:\/\/gauaksl.com\/eu\/wp-json\/wp\/v2\/comments?post=551"}],"version-history":[{"count":43,"href":"https:\/\/gauaksl.com\/eu\/wp-json\/wp\/v2\/pages\/551\/revisions"}],"predecessor-version":[{"id":751,"href":"https:\/\/gauaksl.com\/eu\/wp-json\/wp\/v2\/pages\/551\/revisions\/751"}],"wp:attachment":[{"href":"https:\/\/gauaksl.com\/eu\/wp-json\/wp\/v2\/media?parent=551"}],"curies":[{"name":"wp","href":"https:\/\/api.w.org\/{rel}","templated":true}]}}